{"id":172,"date":"2019-02-16T00:57:43","date_gmt":"2019-02-16T03:57:43","guid":{"rendered":"http:\/\/chivilcoy.gov.ar\/hcd\/?page_id=172"},"modified":"2020-12-29T21:53:15","modified_gmt":"2020-12-30T00:53:15","slug":"comisiones","status":"publish","type":"page","link":"https:\/\/chivilcoy.gov.ar\/hcd\/comisiones\/","title":{"rendered":"Comisiones Internas"},"content":{"rendered":"<p>En la primera sesi\u00f3n ordinaria del per\u00edodo anual del Honorable Concejo Deliberante se proceder\u00e1 a constituir las Comisiones Internas, las que tendr\u00e1n por objeto facilitar la tarea del Cuerpo Deliberativo. La conformaci\u00f3n de las mismas podr\u00e1 modificarse en sesiones ordinarias en caso de reestructuraci\u00f3n o cambios de reglamento.<\/p>\n<p>Las Comisiones del Concejo estar\u00e1n integradas por 9 (nueve) miembros que determine el cuerpo, con excepci\u00f3n de la Comisi\u00f3n Plenaria. Honorable Concejo Deliberante tendr\u00e1 5 (cinco) comisiones internas permanentes de asesoramiento, que estar\u00e1n determinadas seg\u00fan la tem\u00e1tica que las mismas aborden. Se denominar\u00e1n de la siguiente manera:<\/p>\n<p><strong>Plenaria<\/strong><br \/>\nEsta Comisi\u00f3n estar\u00e1 integrada por el Presidente y la totalidad de los concejales bajo la Presidencia del primero. La misma se reunir\u00e1 en los d\u00edas y horarios acordados en la primera sesi\u00f3n ordinaria de cada a\u00f1o. Ser\u00e1n funciones de la Comisi\u00f3n:<\/p>\n<ol>\n<li>Definir el Orden del D\u00eda con los asuntos que hayan sido despachados por las Comisiones.<\/li>\n<li>Informarse del estado de los asuntos en tr\u00e1mite en las mismas.<\/li>\n<li>Determinar los expedientes que ser\u00e1n tratados sobre tablas sin perjuicio de lo establecido en este reglamento.<\/li>\n<li>Tratar la integraci\u00f3n de las Comisiones Internas cuando se hubiere diferido su tratamiento en la Sesi\u00f3n Preparatoria.<\/li>\n<li>Dictaminar en todos los proyectos o asuntos que traten modificaciones o interpretaciones de Ordenanzas, o relativos a disposiciones legales relacionadas con la Municipalidad, que puedan afectar principios constitucionales, legales o reglamentarios; sobre la interpretaci\u00f3n de art\u00edculos de la Ley Org\u00e1nica de las Municipalidades, ordenanzas, reglamentos y dem\u00e1s disposiciones en vigencia, y\/o sobre cuestiones que versen sobre puntos de derecho.<\/li>\n<\/ol>\n<p><strong>Obras y Servicios P\u00fablicos, Urbanismo, Industria y Producci\u00f3n<\/strong><br \/>\nSer\u00e1n funciones de esta Comisi\u00f3n dictaminar sobre todo asunto o proyecto relacionado con la ejecuci\u00f3n de obras p\u00fablicas y privadas; alumbrado; construcci\u00f3n y conservaci\u00f3n de calles y caminos, plazas y paseos, dep\u00f3sitos y talleres; usos de espacios p\u00fablicos de car\u00e1cter permanente y que no impliquen cortes de tr\u00e1nsito; as\u00ed como los asuntos relacionados con el planeamiento y uso del suelo urbano y rural. Dictaminar sobre todo asunto relacionado con servicios p\u00fablicos de cualquier \u00edndole; todo lo referido a servicio p\u00fablico de pasajeros. Tr\u00e1nsito y estacionamiento de veh\u00edculos en las calles y caminos de jurisdicci\u00f3n municipal. Se\u00f1alamiento de tr\u00e1nsito municipal. Tarifas de los servicios p\u00fablicos del transporte de pasajeros y veh\u00edculos de alquiler.<br \/>\nZonificaci\u00f3n y tarifa del estacionamiento medido. Sobre las peticiones y necesidades de los distintos sectores de la producci\u00f3n del Distrito de Chivilcoy: producci\u00f3n agr\u00edcola y ganadera, producciones intensivas, producciones alternativas, producci\u00f3n agro-industrial, producci\u00f3n industrial, PYMES, producciones familiares, ferias. Como as\u00ed tambi\u00e9n atender las demandas de las instituciones ligadas a estos sectores, cooperativas, c\u00e1maras, federaciones, sociedades, con representatividad en el Partido de Chivilcoy.<\/p>\n<p><strong>Legislaci\u00f3n, Presupuesto y Hacienda<\/strong><br \/>\nIntervendr\u00e1 en los contratos, convenios y\/o acogimientos que se sometan a estudio y que comprendan a personas f\u00edsicas o jur\u00eddicas del \u00e1mbito p\u00fablico o privado, an\u00e1lisis y seguimiento de convenios celebrados con la Naci\u00f3n y la Provincia. Sobre todos aquellos asuntos de legislaci\u00f3n cuyo estudio no est\u00e9 confiado expresamente por este reglamento a otra Comisi\u00f3n.<br \/>\nSer\u00e1n funciones de esta Comisi\u00f3n dictaminar sobre el Presupuesto General de la Municipalidad y sobre las reformas de las Ordenanzas Impositivas, exenci\u00f3n de grav\u00e1menes municipales, administraci\u00f3n, arrendamiento y enajenaci\u00f3n de los bienes ra\u00edces municipales, examen de las cuentas del a\u00f1o vencido, cr\u00e9ditos suplementarios y sobre todo lo referente a subvenciones y subsidios en general.<\/p>\n<p><strong>Salud P\u00fablica, Ecolog\u00eda y Medio Ambiente; Cultura, Educaci\u00f3n, Deportes y Recreaci\u00f3n<\/strong><br \/>\nSer\u00e1n funciones de esta Comisi\u00f3n dictaminar sobre todo lo referente a asistencia oficial o en instituciones privadas y toda otra materia relacionada con la Salud P\u00fablica, as\u00ed como en lo relativo a instalaciones y funcionamiento de hospitales, cl\u00ednicas, centros de atenci\u00f3n primaria, salas de primeros auxilios, hogares para personas de las tercera edad y colonias, sean o no de procedencia estatal. Corresponde tambi\u00e9n dictaminar sobre todo lo relacionado con el mantenimiento y fomento de la educaci\u00f3n, la cultura en todas sus manifestaciones, museos, bibliotecas, talleres culturales, adquisici\u00f3n de libros, promover coros, adjudicar becas, promover exposiciones.<br \/>\nDeterminar sobre todo asunto referente a la promoci\u00f3n de actividades deportivas, barriales, escolares y recreativas, la legislaci\u00f3n vinculada a planes y programas referidos al deporte como herramienta de optimizaci\u00f3n de calidad de vida, como as\u00ed tambi\u00e9n todo lo relacionado con los espacios donde se desarrollen actividades recreativas dentro del Partido de Chivilcoy. sobre la preservaci\u00f3n de los sistemas ecol\u00f3gicos; la prevenci\u00f3n de la contaminaci\u00f3n; el control para evitar el uso indiscriminado de los recursos naturales; la protecci\u00f3n de la flora y fauna; limpieza e higiene de la ciudad. Analizar\u00e1 planes ambientales y coordinar\u00e1 implementaciones operativas con la participaci\u00f3n de entes nacionales, provinciales y municipales. Estudiar\u00e1 el fomento de pr\u00e1cticas conservacionistas. Analizar\u00e1 programas y campa\u00f1as de educaci\u00f3n ambiental.<\/p>\n<p><strong>Derechos Humanos, G\u00e9nero, Familia, Seguridad Ciudadana y Libertad de Expresi\u00f3n<\/strong><br \/>\nDictaminar sobre aquellos derechos de los que son titulares todos los miembros de una sociedad, de forma tal que puedan desenvolver su vida cotidiana con el menor nivel posible de amenazas a su integridad personal y con el goce de sus derechos c\u00edvicos y sus bienes. A su vez, los problemas de seguridad ciudadana que se refieren a la generalizaci\u00f3n de una situaci\u00f3n en la que el Estado no cumple, total o parcialmente, con su funci\u00f3n de brindar protecci\u00f3n ante el crimen y la violencia social, lo cual significa una grave interrupci\u00f3n de la relaci\u00f3n b\u00e1sica entre gobernantes y gobernados. Dictaminar sobre la problem\u00e1tica referida a la ni\u00f1ez, adolescencia, familia, adultos mayores, cuestiones de g\u00e9nero. Normatizar y dictaminar sobre el desarrollo del capital humano y social de nuestra comunidad.<\/p>\n","protected":false},"excerpt":{"rendered":"<p>En la primera sesi\u00f3n ordinaria del per\u00edodo anual del Honorable Concejo Deliberante se proceder\u00e1 a constituir las Comisiones Internas, las que tendr\u00e1n por objeto facilitar la tarea del Cuerpo Deliberativo. La conformaci\u00f3n de las mismas podr\u00e1 modificarse en sesiones ordinarias en caso de reestructuraci\u00f3n o cambios de reglamento. Las Comisiones del Concejo estar\u00e1n integradas por [&hellip;]<\/p>\n","protected":false},"author":1,"featured_media":0,"parent":0,"menu_order":0,"comment_status":"closed","ping_status":"closed","template":"","meta":[],"acf":[],"yoast_head":"<!-- This site is optimized with the Yoast SEO plugin v20.1 - https:\/\/yoast.com\/wordpress\/plugins\/seo\/ -->\n<title>Comisiones Internas - Honorable Concejo Deliberante de Chivilcoy<\/title>\n<meta name=\"robots\" content=\"index, follow, max-snippet:-1, max-image-preview:large, max-video-preview:-1\" \/>\n<link rel=\"canonical\" href=\"https:\/\/chivilcoy.gov.ar\/hcd\/comisiones\/\" \/>\n<meta property=\"og:locale\" content=\"es_ES\" \/>\n<meta property=\"og:type\" content=\"article\" \/>\n<meta property=\"og:title\" content=\"Comisiones Internas - Honorable Concejo Deliberante de Chivilcoy\" \/>\n<meta property=\"og:description\" content=\"En la primera sesi\u00f3n ordinaria del per\u00edodo anual del Honorable Concejo Deliberante se proceder\u00e1 a constituir las Comisiones Internas, las que tendr\u00e1n por objeto facilitar la tarea del Cuerpo Deliberativo. La conformaci\u00f3n de las mismas podr\u00e1 modificarse en sesiones ordinarias en caso de reestructuraci\u00f3n o cambios de reglamento. Las Comisiones del Concejo estar\u00e1n integradas por [&hellip;]\" \/>\n<meta property=\"og:url\" content=\"https:\/\/chivilcoy.gov.ar\/hcd\/comisiones\/\" \/>\n<meta property=\"og:site_name\" content=\"Honorable Concejo Deliberante de Chivilcoy\" \/>\n<meta property=\"article:publisher\" content=\"https:\/\/www.facebook.com\/Honorable-Concejo-Deliberante-Chivilcoy-1515926172071424\" \/>\n<meta property=\"article:modified_time\" content=\"2020-12-30T00:53:15+00:00\" \/>\n<meta property=\"og:image\" content=\"https:\/\/chivilcoy.gov.ar\/hcd\/wp-content\/uploads\/2021\/02\/logo-hcd-og.jpg\" \/>\n\t<meta property=\"og:image:width\" content=\"1200\" \/>\n\t<meta property=\"og:image:height\" content=\"630\" \/>\n\t<meta property=\"og:image:type\" content=\"image\/jpeg\" \/>\n<meta name=\"twitter:card\" content=\"summary_large_image\" \/>\n<meta name=\"twitter:site\" content=\"@HCDChivilcoy\" \/>\n<meta name=\"twitter:label1\" content=\"Tiempo de lectura\" \/>\n\t<meta name=\"twitter:data1\" content=\"5 minutos\" \/>\n<script type=\"application\/ld+json\" class=\"yoast-schema-graph\">{\"@context\":\"https:\/\/schema.org\",\"@graph\":[{\"@type\":\"WebPage\",\"@id\":\"https:\/\/chivilcoy.gov.ar\/hcd\/comisiones\/\",\"url\":\"https:\/\/chivilcoy.gov.ar\/hcd\/comisiones\/\",\"name\":\"Comisiones Internas - Honorable Concejo Deliberante de Chivilcoy\",\"isPartOf\":{\"@id\":\"https:\/\/chivilcoy.gov.ar\/hcd\/#website\"},\"datePublished\":\"2019-02-16T03:57:43+00:00\",\"dateModified\":\"2020-12-30T00:53:15+00:00\",\"breadcrumb\":{\"@id\":\"https:\/\/chivilcoy.gov.ar\/hcd\/comisiones\/#breadcrumb\"},\"inLanguage\":\"es\",\"potentialAction\":[{\"@type\":\"ReadAction\",\"target\":[\"https:\/\/chivilcoy.gov.ar\/hcd\/comisiones\/\"]}]},{\"@type\":\"BreadcrumbList\",\"@id\":\"https:\/\/chivilcoy.gov.ar\/hcd\/comisiones\/#breadcrumb\",\"itemListElement\":[{\"@type\":\"ListItem\",\"position\":1,\"name\":\"Portada\",\"item\":\"https:\/\/chivilcoy.gov.ar\/hcd\/\"},{\"@type\":\"ListItem\",\"position\":2,\"name\":\"Comisiones Internas\"}]},{\"@type\":\"WebSite\",\"@id\":\"https:\/\/chivilcoy.gov.ar\/hcd\/#website\",\"url\":\"https:\/\/chivilcoy.gov.ar\/hcd\/\",\"name\":\"Honorable Concejo Deliberante de Chivilcoy\",\"description\":\"\",\"publisher\":{\"@id\":\"https:\/\/chivilcoy.gov.ar\/hcd\/#organization\"},\"potentialAction\":[{\"@type\":\"SearchAction\",\"target\":{\"@type\":\"EntryPoint\",\"urlTemplate\":\"https:\/\/chivilcoy.gov.ar\/hcd\/?s={search_term_string}\"},\"query-input\":\"required name=search_term_string\"}],\"inLanguage\":\"es\"},{\"@type\":\"Organization\",\"@id\":\"https:\/\/chivilcoy.gov.ar\/hcd\/#organization\",\"name\":\"Honorable Concejo Deliberante de Chivilcoy\",\"url\":\"https:\/\/chivilcoy.gov.ar\/hcd\/\",\"logo\":{\"@type\":\"ImageObject\",\"inLanguage\":\"es\",\"@id\":\"https:\/\/chivilcoy.gov.ar\/hcd\/#\/schema\/logo\/image\/\",\"url\":\"https:\/\/chivilcoy.gov.ar\/hcd\/wp-content\/uploads\/2021\/02\/logo-hcd.jpg\",\"contentUrl\":\"https:\/\/chivilcoy.gov.ar\/hcd\/wp-content\/uploads\/2021\/02\/logo-hcd.jpg\",\"width\":800,\"height\":800,\"caption\":\"Honorable Concejo Deliberante de Chivilcoy\"},\"image\":{\"@id\":\"https:\/\/chivilcoy.gov.ar\/hcd\/#\/schema\/logo\/image\/\"},\"sameAs\":[\"https:\/\/www.facebook.com\/Honorable-Concejo-Deliberante-Chivilcoy-1515926172071424\",\"https:\/\/twitter.com\/HCDChivilcoy\",\"https:\/\/www.instagram.com\/concejochivilcoy\/\"]}]}<\/script>\n<!-- \/ Yoast SEO plugin. -->","yoast_head_json":{"title":"Comisiones Internas - Honorable Concejo Deliberante de Chivilcoy","robots":{"index":"index","follow":"follow","max-snippet":"max-snippet:-1","max-image-preview":"max-image-preview:large","max-video-preview":"max-video-preview:-1"},"canonical":"https:\/\/chivilcoy.gov.ar\/hcd\/comisiones\/","og_locale":"es_ES","og_type":"article","og_title":"Comisiones Internas - Honorable Concejo Deliberante de Chivilcoy","og_description":"En la primera sesi\u00f3n ordinaria del per\u00edodo anual del Honorable Concejo Deliberante se proceder\u00e1 a constituir las Comisiones Internas, las que tendr\u00e1n por objeto facilitar la tarea del Cuerpo Deliberativo. La conformaci\u00f3n de las mismas podr\u00e1 modificarse en sesiones ordinarias en caso de reestructuraci\u00f3n o cambios de reglamento. Las Comisiones del Concejo estar\u00e1n integradas por [&hellip;]","og_url":"https:\/\/chivilcoy.gov.ar\/hcd\/comisiones\/","og_site_name":"Honorable Concejo Deliberante de Chivilcoy","article_publisher":"https:\/\/www.facebook.com\/Honorable-Concejo-Deliberante-Chivilcoy-1515926172071424","article_modified_time":"2020-12-30T00:53:15+00:00","og_image":[{"width":1200,"height":630,"url":"https:\/\/chivilcoy.gov.ar\/hcd\/wp-content\/uploads\/2021\/02\/logo-hcd-og.jpg","type":"image\/jpeg"}],"twitter_card":"summary_large_image","twitter_site":"@HCDChivilcoy","twitter_misc":{"Tiempo de lectura":"5 minutos"},"schema":{"@context":"https:\/\/schema.org","@graph":[{"@type":"WebPage","@id":"https:\/\/chivilcoy.gov.ar\/hcd\/comisiones\/","url":"https:\/\/chivilcoy.gov.ar\/hcd\/comisiones\/","name":"Comisiones Internas - Honorable Concejo Deliberante de Chivilcoy","isPartOf":{"@id":"https:\/\/chivilcoy.gov.ar\/hcd\/#website"},"datePublished":"2019-02-16T03:57:43+00:00","dateModified":"2020-12-30T00:53:15+00:00","breadcrumb":{"@id":"https:\/\/chivilcoy.gov.ar\/hcd\/comisiones\/#breadcrumb"},"inLanguage":"es","potentialAction":[{"@type":"ReadAction","target":["https:\/\/chivilcoy.gov.ar\/hcd\/comisiones\/"]}]},{"@type":"BreadcrumbList","@id":"https:\/\/chivilcoy.gov.ar\/hcd\/comisiones\/#breadcrumb","itemListElement":[{"@type":"ListItem","position":1,"name":"Portada","item":"https:\/\/chivilcoy.gov.ar\/hcd\/"},{"@type":"ListItem","position":2,"name":"Comisiones Internas"}]},{"@type":"WebSite","@id":"https:\/\/chivilcoy.gov.ar\/hcd\/#website","url":"https:\/\/chivilcoy.gov.ar\/hcd\/","name":"Honorable Concejo Deliberante de Chivilcoy","description":"","publisher":{"@id":"https:\/\/chivilcoy.gov.ar\/hcd\/#organization"},"potentialAction":[{"@type":"SearchAction","target":{"@type":"EntryPoint","urlTemplate":"https:\/\/chivilcoy.gov.ar\/hcd\/?s={search_term_string}"},"query-input":"required name=search_term_string"}],"inLanguage":"es"},{"@type":"Organization","@id":"https:\/\/chivilcoy.gov.ar\/hcd\/#organization","name":"Honorable Concejo Deliberante de Chivilcoy","url":"https:\/\/chivilcoy.gov.ar\/hcd\/","logo":{"@type":"ImageObject","inLanguage":"es","@id":"https:\/\/chivilcoy.gov.ar\/hcd\/#\/schema\/logo\/image\/","url":"https:\/\/chivilcoy.gov.ar\/hcd\/wp-content\/uploads\/2021\/02\/logo-hcd.jpg","contentUrl":"https:\/\/chivilcoy.gov.ar\/hcd\/wp-content\/uploads\/2021\/02\/logo-hcd.jpg","width":800,"height":800,"caption":"Honorable Concejo Deliberante de Chivilcoy"},"image":{"@id":"https:\/\/chivilcoy.gov.ar\/hcd\/#\/schema\/logo\/image\/"},"sameAs":["https:\/\/www.facebook.com\/Honorable-Concejo-Deliberante-Chivilcoy-1515926172071424","https:\/\/twitter.com\/HCDChivilcoy","https:\/\/www.instagram.com\/concejochivilcoy\/"]}]}},"_links":{"self":[{"href":"https:\/\/chivilcoy.gov.ar\/hcd\/wp-json\/wp\/v2\/pages\/172"}],"collection":[{"href":"https:\/\/chivilcoy.gov.ar\/hcd\/wp-json\/wp\/v2\/pages"}],"about":[{"href":"https:\/\/chivilcoy.gov.ar\/hcd\/wp-json\/wp\/v2\/types\/page"}],"author":[{"embeddable":true,"href":"https:\/\/chivilcoy.gov.ar\/hcd\/wp-json\/wp\/v2\/users\/1"}],"replies":[{"embeddable":true,"href":"https:\/\/chivilcoy.gov.ar\/hcd\/wp-json\/wp\/v2\/comments?post=172"}],"version-history":[{"count":9,"href":"https:\/\/chivilcoy.gov.ar\/hcd\/wp-json\/wp\/v2\/pages\/172\/revisions"}],"predecessor-version":[{"id":342,"href":"https:\/\/chivilcoy.gov.ar\/hcd\/wp-json\/wp\/v2\/pages\/172\/revisions\/342"}],"wp:attachment":[{"href":"https:\/\/chivilcoy.gov.ar\/hcd\/wp-json\/wp\/v2\/media?parent=172"}],"curies":[{"name":"wp","href":"https:\/\/api.w.org\/{rel}","templated":true}]}}