{"id":155,"date":"2019-02-16T00:13:42","date_gmt":"2019-02-16T03:13:42","guid":{"rendered":"http:\/\/chivilcoy.gov.ar\/hcd\/?page_id=155"},"modified":"2020-12-30T16:34:26","modified_gmt":"2020-12-30T19:34:26","slug":"el-concejo","status":"publish","type":"page","link":"https:\/\/chivilcoy.gov.ar\/hcd\/el-concejo\/","title":{"rendered":"El Concejo Deliberante"},"content":{"rendered":"<p><strong>\u00bfD\u00f3nde funciona el Concejo Deliberante?<\/strong><\/p>\n<p>El Honorable Concejo Deliberante de Chivilcoy se encuentra ubicado en 25 de Mayo N\u00ba 35, en la Planta Alta del Palacio Municipal.<\/p>\n<p>&nbsp;<\/p>\n<p><strong>\u00bfC\u00f3mo se compone el Honorable Concejo Deliberante?<\/strong><\/p>\n<p>Lo conforman los concejales. La cantidad de concejales est\u00e1 estipulada por la ley org\u00e1nica de las municipalidades que rige a todas las municipalidades de la Provincia de Buenos Aires.<br \/>\nChivilcoy tiene 18 concejales, esto se calcula por la cantidad de habitantes de la ciudad (Ley Org\u00e1nica de las Municipalidades \u2013 Cap\u00edtulo I \u2013 Art\u00edculo 2).<\/p>\n<p>&nbsp;<\/p>\n<p><strong>\u00bfCu\u00e1les son las funciones de un concejal?<\/strong><\/p>\n<p>Las funciones de un Concejal son Representar, Legislar y Controlar. Un concejal es una persona elegida por el pueblo para defender los derechos de los vecinos (representar); proyectando, debatiendo y sancionando ordenanzas, resoluciones y decretos que proporcionen mayores servicios con el prop\u00f3sito de elevar la calidad de vida de los chivilcoyanos (legislar);\u00a0velando por cumplir y hacer cumplir todos los actos de gobierno que a trav\u00e9s de estos proyectos surjan (controlar).<\/p>\n<p>&nbsp;<\/p>\n<p><strong>\u00bfQu\u00e9 requisitos exige la ley para acceder a una concejal\u00eda?<\/strong><br \/>\nCiudadanos o Extranjeros, con una edad m\u00ednima de 25 a\u00f1os y con una residencia m\u00ednima en el distrito de 1 a\u00f1o y adem\u00e1s 5 a\u00f1os de residencia en el caso de extranjeros (Art\u00edculo 191, inciso 3, de la Constituci\u00f3n de la Provincia de Buenos Aires).<\/p>\n<p>&nbsp;<\/p>\n<p><strong>\u00bfC\u00f3mo funciona el Concejo Deliberante?<\/strong><\/p>\n<p>Los concejales se convocan a trav\u00e9s de sesiones, adem\u00e1s de las reuniones de comisi\u00f3n que cada una de \u00e9sta propone.<br \/>\nLas comisiones est\u00e1n integradas por nueve concejales cada una, que analizan por tem\u00e1ticas los expedientes ingresados. Estas son:<\/p>\n<ul>\n<li>Plenaria<\/li>\n<li>Obras y Servicios P\u00fablicos, Urbanismo, Industria y Producci\u00f3n<\/li>\n<li>Legislaci\u00f3n, Presupuesto y Hacienda<\/li>\n<li>Salud P\u00fablica, Ecolog\u00eda y Medio Ambiente; Cultura, Educaci\u00f3n, Deportes y Recreaci\u00f3n<\/li>\n<li>Derechos Humanos, G\u00e9nero, Familia, Seguridad Ciudadana y Libertad de Expresi\u00f3n<\/li>\n<\/ul>\n<p>&nbsp;<\/p>\n<p><strong>\u00bfQu\u00e9 es una sesi\u00f3n?<\/strong><\/p>\n<p>Es una reuni\u00f3n de concejales conducida por uno de ellos, electo como presidente, durante la cual se tratan asuntos de incumbencia del Concejo, de acuerdo con un Orden del D\u00eda, vot\u00e1ndose las decisiones.<\/p>\n<p>&nbsp;<\/p>\n<p><strong>\u00bfC\u00f3mo se clasifican las sesiones?<\/strong><\/p>\n<p>Las sesiones pueden ser:<\/p>\n<ul>\n<li><strong>Preparatorias<\/strong><br \/>\nSon las que se desarrollan cuando se renuevan parcialmente los concejales.<\/li>\n<li><strong>Ordinarias<\/strong><br \/>\nSon las sesiones que se llevan a cabo durante los meses de marzo a noviembre.<\/li>\n<li><strong>De Pr\u00f3rroga<\/strong><br \/>\nEl Concejo podr\u00e1 prorrogar las Sesiones Ordinarias por el t\u00e9rmino de treinta d\u00edas.<\/li>\n<li><strong>Especiales<\/strong><br \/>\nLas que determine el Cuerpo dentro del per\u00edodo de sesiones ordinarias y de pr\u00f3rroga, y las que deber\u00e1 realizar en el mes de marzo por propia determinaci\u00f3n, para tratar el examen de las cuentas.<\/li>\n<li><strong>Extraordinarias<\/strong><br \/>\nSon las sesiones que se convocan fuera del calendario de sesiones ordinarias, ya sea por propia iniciativa o solicitadas por el Departamento Ejecutivo.<\/li>\n<\/ul>\n<p>&nbsp;<\/p>\n<p><strong>\u00bfSon p\u00fablicas las sesiones del Concejo?<\/strong><br \/>\nS\u00ed, las sesiones son de p\u00fablico acceso.<\/p>\n<p>&nbsp;<\/p>\n<p><strong>\u00bfQu\u00e9 significa \u00abQu\u00f3rum\u00bb?<\/strong><br \/>\nEs el n\u00famero m\u00ednimo de concejales requeridos para la toma de decisiones. Para formar el qu\u00f3rum legal es necesaria la presencia de la mitad m\u00e1s uno de los concejales.<\/p>\n<p>&nbsp;<\/p>\n<p><strong>\u00bfQu\u00e9 son las actas de Sesiones?<\/strong><br \/>\nEl Concejo tiene la misi\u00f3n de transcribir todo lo que se dice en las sesiones: debates, n\u00f3mina de todos los asuntos que tienen entrada al cuerpo mediante expedientes, la transcripci\u00f3n de los proyectos con los nombres de los respectivos autores, etc.<br \/>\nLas versiones taquigr\u00e1ficas, una vez visadas por los distintos bloques, son aprobadas y firmadas por el Presidente y el Secretario del Concejo. De este modo, se constituyen en Actas de las Sesiones del Cuerpo.<\/p>\n<p>&nbsp;<\/p>\n<p><strong>\u00bfD\u00f3nde se re\u00fanen los concejales para celebrar sus reuniones?<\/strong><br \/>\nEn el Recinto de Sesiones del Honorable Concejo Deliberante.<\/p>\n<p>&nbsp;<\/p>\n<p><strong>\u00bfPuede sesionar el Concejo fuera de la sala de sesiones?<\/strong><br \/>\nEl concejo funcionar\u00e1 en la cabecera del Partido, pero podr\u00e1 hacerlo en otro punto del mismo, precediendo un Decreto del Presidente con acuerdo del cuerpo.<\/p>\n<p>&nbsp;<\/p>\n<p><strong>\u00bfC\u00f3mo elevan sus proyectos y pedidos los concejales?<\/strong><\/p>\n<p>Los proyectos y pedidos toman distintas formas:<\/p>\n<ul>\n<li><strong>Ordenanzas<\/strong><br \/>\nEs un dictamen destinado a legislar o dictar disposiciones de car\u00e1cter permanente o a reformar, abolir o suspender otra ordenanza o regla general.<\/li>\n<li><strong>Resoluciones<\/strong><br \/>\nEs una proposici\u00f3n que tiene por objeto exponer la opini\u00f3n del Concejo sobre cualquier asunto de car\u00e1cter p\u00fablico.<\/li>\n<li><strong>Decretos<\/strong><br \/>\nEs una decisi\u00f3n que niega o rechaza solicitudes particulares, proyectos, etc., o tiende a adoptar medidas relacionadas con la organizaci\u00f3n interna del Concejo.<\/li>\n<li><strong>Comunicaci\u00f3n<\/strong><br \/>\nEs un informe destinado a recomendar, requerir informaci\u00f3n o exponer algo que el Cuerpo desee comunicar, no debiendo tener la misma car\u00e1cter imperativo.<\/li>\n<\/ul>\n","protected":false},"excerpt":{"rendered":"<p>\u00bfD\u00f3nde funciona el Concejo Deliberante? El Honorable Concejo Deliberante de Chivilcoy se encuentra ubicado en 25 de Mayo N\u00ba 35, en la Planta Alta del Palacio Municipal. &nbsp; \u00bfC\u00f3mo se compone el Honorable Concejo Deliberante? Lo conforman los concejales. La cantidad de concejales est\u00e1 estipulada por la ley org\u00e1nica de las municipalidades que rige a [&hellip;]<\/p>\n","protected":false},"author":1,"featured_media":0,"parent":0,"menu_order":0,"comment_status":"closed","ping_status":"closed","template":"","meta":[],"acf":[],"yoast_head":"<!-- This site is optimized with the Yoast SEO plugin v20.1 - https:\/\/yoast.com\/wordpress\/plugins\/seo\/ -->\n<title>El Concejo Deliberante - Honorable Concejo Deliberante de Chivilcoy<\/title>\n<meta name=\"robots\" content=\"index, follow, max-snippet:-1, max-image-preview:large, max-video-preview:-1\" \/>\n<link rel=\"canonical\" href=\"https:\/\/chivilcoy.gov.ar\/hcd\/el-concejo\/\" \/>\n<meta property=\"og:locale\" content=\"es_ES\" \/>\n<meta property=\"og:type\" content=\"article\" \/>\n<meta property=\"og:title\" content=\"El Concejo Deliberante - Honorable Concejo Deliberante de Chivilcoy\" \/>\n<meta property=\"og:description\" content=\"\u00bfD\u00f3nde funciona el Concejo Deliberante? El Honorable Concejo Deliberante de Chivilcoy se encuentra ubicado en 25 de Mayo N\u00ba 35, en la Planta Alta del Palacio Municipal. &nbsp; \u00bfC\u00f3mo se compone el Honorable Concejo Deliberante? Lo conforman los concejales. La cantidad de concejales est\u00e1 estipulada por la ley org\u00e1nica de las municipalidades que rige a [&hellip;]\" \/>\n<meta property=\"og:url\" content=\"https:\/\/chivilcoy.gov.ar\/hcd\/el-concejo\/\" \/>\n<meta property=\"og:site_name\" content=\"Honorable Concejo Deliberante de Chivilcoy\" \/>\n<meta property=\"article:publisher\" content=\"https:\/\/www.facebook.com\/Honorable-Concejo-Deliberante-Chivilcoy-1515926172071424\" \/>\n<meta property=\"article:modified_time\" content=\"2020-12-30T19:34:26+00:00\" \/>\n<meta property=\"og:image\" content=\"https:\/\/chivilcoy.gov.ar\/hcd\/wp-content\/uploads\/2021\/02\/logo-hcd-og.jpg\" \/>\n\t<meta property=\"og:image:width\" content=\"1200\" \/>\n\t<meta property=\"og:image:height\" content=\"630\" \/>\n\t<meta property=\"og:image:type\" content=\"image\/jpeg\" \/>\n<meta name=\"twitter:card\" content=\"summary_large_image\" \/>\n<meta name=\"twitter:site\" content=\"@HCDChivilcoy\" \/>\n<meta name=\"twitter:label1\" content=\"Tiempo de lectura\" \/>\n\t<meta name=\"twitter:data1\" content=\"4 minutos\" \/>\n<script type=\"application\/ld+json\" class=\"yoast-schema-graph\">{\"@context\":\"https:\/\/schema.org\",\"@graph\":[{\"@type\":\"WebPage\",\"@id\":\"https:\/\/chivilcoy.gov.ar\/hcd\/el-concejo\/\",\"url\":\"https:\/\/chivilcoy.gov.ar\/hcd\/el-concejo\/\",\"name\":\"El Concejo Deliberante - Honorable Concejo Deliberante de Chivilcoy\",\"isPartOf\":{\"@id\":\"https:\/\/chivilcoy.gov.ar\/hcd\/#website\"},\"datePublished\":\"2019-02-16T03:13:42+00:00\",\"dateModified\":\"2020-12-30T19:34:26+00:00\",\"breadcrumb\":{\"@id\":\"https:\/\/chivilcoy.gov.ar\/hcd\/el-concejo\/#breadcrumb\"},\"inLanguage\":\"es\",\"potentialAction\":[{\"@type\":\"ReadAction\",\"target\":[\"https:\/\/chivilcoy.gov.ar\/hcd\/el-concejo\/\"]}]},{\"@type\":\"BreadcrumbList\",\"@id\":\"https:\/\/chivilcoy.gov.ar\/hcd\/el-concejo\/#breadcrumb\",\"itemListElement\":[{\"@type\":\"ListItem\",\"position\":1,\"name\":\"Portada\",\"item\":\"https:\/\/chivilcoy.gov.ar\/hcd\/\"},{\"@type\":\"ListItem\",\"position\":2,\"name\":\"El Concejo Deliberante\"}]},{\"@type\":\"WebSite\",\"@id\":\"https:\/\/chivilcoy.gov.ar\/hcd\/#website\",\"url\":\"https:\/\/chivilcoy.gov.ar\/hcd\/\",\"name\":\"Honorable Concejo Deliberante de Chivilcoy\",\"description\":\"\",\"publisher\":{\"@id\":\"https:\/\/chivilcoy.gov.ar\/hcd\/#organization\"},\"potentialAction\":[{\"@type\":\"SearchAction\",\"target\":{\"@type\":\"EntryPoint\",\"urlTemplate\":\"https:\/\/chivilcoy.gov.ar\/hcd\/?s={search_term_string}\"},\"query-input\":\"required name=search_term_string\"}],\"inLanguage\":\"es\"},{\"@type\":\"Organization\",\"@id\":\"https:\/\/chivilcoy.gov.ar\/hcd\/#organization\",\"name\":\"Honorable Concejo Deliberante de Chivilcoy\",\"url\":\"https:\/\/chivilcoy.gov.ar\/hcd\/\",\"logo\":{\"@type\":\"ImageObject\",\"inLanguage\":\"es\",\"@id\":\"https:\/\/chivilcoy.gov.ar\/hcd\/#\/schema\/logo\/image\/\",\"url\":\"https:\/\/chivilcoy.gov.ar\/hcd\/wp-content\/uploads\/2021\/02\/logo-hcd.jpg\",\"contentUrl\":\"https:\/\/chivilcoy.gov.ar\/hcd\/wp-content\/uploads\/2021\/02\/logo-hcd.jpg\",\"width\":800,\"height\":800,\"caption\":\"Honorable Concejo Deliberante de Chivilcoy\"},\"image\":{\"@id\":\"https:\/\/chivilcoy.gov.ar\/hcd\/#\/schema\/logo\/image\/\"},\"sameAs\":[\"https:\/\/www.facebook.com\/Honorable-Concejo-Deliberante-Chivilcoy-1515926172071424\",\"https:\/\/twitter.com\/HCDChivilcoy\",\"https:\/\/www.instagram.com\/concejochivilcoy\/\"]}]}<\/script>\n<!-- \/ Yoast SEO plugin. -->","yoast_head_json":{"title":"El Concejo Deliberante - Honorable Concejo Deliberante de Chivilcoy","robots":{"index":"index","follow":"follow","max-snippet":"max-snippet:-1","max-image-preview":"max-image-preview:large","max-video-preview":"max-video-preview:-1"},"canonical":"https:\/\/chivilcoy.gov.ar\/hcd\/el-concejo\/","og_locale":"es_ES","og_type":"article","og_title":"El Concejo Deliberante - Honorable Concejo Deliberante de Chivilcoy","og_description":"\u00bfD\u00f3nde funciona el Concejo Deliberante? El Honorable Concejo Deliberante de Chivilcoy se encuentra ubicado en 25 de Mayo N\u00ba 35, en la Planta Alta del Palacio Municipal. &nbsp; \u00bfC\u00f3mo se compone el Honorable Concejo Deliberante? Lo conforman los concejales. La cantidad de concejales est\u00e1 estipulada por la ley org\u00e1nica de las municipalidades que rige a [&hellip;]","og_url":"https:\/\/chivilcoy.gov.ar\/hcd\/el-concejo\/","og_site_name":"Honorable Concejo Deliberante de Chivilcoy","article_publisher":"https:\/\/www.facebook.com\/Honorable-Concejo-Deliberante-Chivilcoy-1515926172071424","article_modified_time":"2020-12-30T19:34:26+00:00","og_image":[{"width":1200,"height":630,"url":"https:\/\/chivilcoy.gov.ar\/hcd\/wp-content\/uploads\/2021\/02\/logo-hcd-og.jpg","type":"image\/jpeg"}],"twitter_card":"summary_large_image","twitter_site":"@HCDChivilcoy","twitter_misc":{"Tiempo de lectura":"4 minutos"},"schema":{"@context":"https:\/\/schema.org","@graph":[{"@type":"WebPage","@id":"https:\/\/chivilcoy.gov.ar\/hcd\/el-concejo\/","url":"https:\/\/chivilcoy.gov.ar\/hcd\/el-concejo\/","name":"El Concejo Deliberante - Honorable Concejo Deliberante de Chivilcoy","isPartOf":{"@id":"https:\/\/chivilcoy.gov.ar\/hcd\/#website"},"datePublished":"2019-02-16T03:13:42+00:00","dateModified":"2020-12-30T19:34:26+00:00","breadcrumb":{"@id":"https:\/\/chivilcoy.gov.ar\/hcd\/el-concejo\/#breadcrumb"},"inLanguage":"es","potentialAction":[{"@type":"ReadAction","target":["https:\/\/chivilcoy.gov.ar\/hcd\/el-concejo\/"]}]},{"@type":"BreadcrumbList","@id":"https:\/\/chivilcoy.gov.ar\/hcd\/el-concejo\/#breadcrumb","itemListElement":[{"@type":"ListItem","position":1,"name":"Portada","item":"https:\/\/chivilcoy.gov.ar\/hcd\/"},{"@type":"ListItem","position":2,"name":"El Concejo Deliberante"}]},{"@type":"WebSite","@id":"https:\/\/chivilcoy.gov.ar\/hcd\/#website","url":"https:\/\/chivilcoy.gov.ar\/hcd\/","name":"Honorable Concejo Deliberante de Chivilcoy","description":"","publisher":{"@id":"https:\/\/chivilcoy.gov.ar\/hcd\/#organization"},"potentialAction":[{"@type":"SearchAction","target":{"@type":"EntryPoint","urlTemplate":"https:\/\/chivilcoy.gov.ar\/hcd\/?s={search_term_string}"},"query-input":"required name=search_term_string"}],"inLanguage":"es"},{"@type":"Organization","@id":"https:\/\/chivilcoy.gov.ar\/hcd\/#organization","name":"Honorable Concejo Deliberante de Chivilcoy","url":"https:\/\/chivilcoy.gov.ar\/hcd\/","logo":{"@type":"ImageObject","inLanguage":"es","@id":"https:\/\/chivilcoy.gov.ar\/hcd\/#\/schema\/logo\/image\/","url":"https:\/\/chivilcoy.gov.ar\/hcd\/wp-content\/uploads\/2021\/02\/logo-hcd.jpg","contentUrl":"https:\/\/chivilcoy.gov.ar\/hcd\/wp-content\/uploads\/2021\/02\/logo-hcd.jpg","width":800,"height":800,"caption":"Honorable Concejo Deliberante de Chivilcoy"},"image":{"@id":"https:\/\/chivilcoy.gov.ar\/hcd\/#\/schema\/logo\/image\/"},"sameAs":["https:\/\/www.facebook.com\/Honorable-Concejo-Deliberante-Chivilcoy-1515926172071424","https:\/\/twitter.com\/HCDChivilcoy","https:\/\/www.instagram.com\/concejochivilcoy\/"]}]}},"_links":{"self":[{"href":"https:\/\/chivilcoy.gov.ar\/hcd\/wp-json\/wp\/v2\/pages\/155"}],"collection":[{"href":"https:\/\/chivilcoy.gov.ar\/hcd\/wp-json\/wp\/v2\/pages"}],"about":[{"href":"https:\/\/chivilcoy.gov.ar\/hcd\/wp-json\/wp\/v2\/types\/page"}],"author":[{"embeddable":true,"href":"https:\/\/chivilcoy.gov.ar\/hcd\/wp-json\/wp\/v2\/users\/1"}],"replies":[{"embeddable":true,"href":"https:\/\/chivilcoy.gov.ar\/hcd\/wp-json\/wp\/v2\/comments?post=155"}],"version-history":[{"count":11,"href":"https:\/\/chivilcoy.gov.ar\/hcd\/wp-json\/wp\/v2\/pages\/155\/revisions"}],"predecessor-version":[{"id":360,"href":"https:\/\/chivilcoy.gov.ar\/hcd\/wp-json\/wp\/v2\/pages\/155\/revisions\/360"}],"wp:attachment":[{"href":"https:\/\/chivilcoy.gov.ar\/hcd\/wp-json\/wp\/v2\/media?parent=155"}],"curies":[{"name":"wp","href":"https:\/\/api.w.org\/{rel}","templated":true}]}}