{"id":152,"date":"2019-02-16T00:12:54","date_gmt":"2019-02-16T03:12:54","guid":{"rendered":"http:\/\/chivilcoy.gov.ar\/hcd\/?page_id=152"},"modified":"2021-02-26T14:49:05","modified_gmt":"2021-02-26T17:49:05","slug":"contacto","status":"publish","type":"page","link":"https:\/\/chivilcoy.gov.ar\/hcd\/contacto\/","title":{"rendered":"Contacto"},"content":{"rendered":"<p>Puede contactarse con el Honorable Concejo Deliberante:<\/p>\n<ul>\n<li>Escribiendo a nuestro correo electr\u00f3nico: <a href=\"mailto:chivilcoyhcd@gmail.com\">chivilcoyhcd@gmail.com<\/a><\/li>\n<li>Llamando a nuestro n\u00famero de tel\u00e9fono: 0800-999-6864 Interno 1150 \/ (02346) 439000 Interno 1150<\/li>\n<li>Present\u00e1ndote en 25 de Mayo N\u00ba 35 (Planta Alta).<\/li>\n<\/ul>\n<p><strong>Ubicaci\u00f3n:<\/strong><\/p>\n<div class=\"mapouter\">\n<div class=\"gmap_canvas\"><iframe loading=\"lazy\" id=\"gmap_canvas\" src=\"https:\/\/maps.google.com\/maps?q=Municipalidad%20de%20Chivilcoy&amp;t=&amp;z=17&amp;ie=UTF8&amp;iwloc=&amp;output=embed\" width=\"100%\" height=\"500\" frameborder=\"0\" marginwidth=\"0\" marginheight=\"0\" scrolling=\"no\"><\/iframe><\/div>\n<style>.mapouter{position:relative;text-align:right;height:500px;width:100%;}<br \/>.gmap_canvas {overflow:hidden;background:none!important;height:500px;width:100%;}<\/style>\n<\/div>\n","protected":false},"excerpt":{"rendered":"<p>Puede contactarse con el Honorable Concejo Deliberante: Escribiendo a nuestro correo electr\u00f3nico: chivilcoyhcd@gmail.com Llamando a nuestro n\u00famero de tel\u00e9fono: 0800-999-6864 Interno 1150 \/ (02346) 439000 Interno 1150 Present\u00e1ndote en 25 de Mayo N\u00ba 35 (Planta Alta). Ubicaci\u00f3n:<\/p>\n","protected":false},"author":1,"featured_media":0,"parent":0,"menu_order":0,"comment_status":"closed","ping_status":"closed","template":"","meta":[],"acf":[],"yoast_head":"<!-- This site is optimized with the Yoast SEO plugin v20.1 - https:\/\/yoast.com\/wordpress\/plugins\/seo\/ -->\n<title>Contacto - Honorable Concejo Deliberante de Chivilcoy<\/title>\n<meta name=\"robots\" content=\"index, follow, max-snippet:-1, max-image-preview:large, max-video-preview:-1\" \/>\n<link rel=\"canonical\" href=\"https:\/\/chivilcoy.gov.ar\/hcd\/contacto\/\" \/>\n<meta property=\"og:locale\" content=\"es_ES\" \/>\n<meta property=\"og:type\" content=\"article\" \/>\n<meta property=\"og:title\" content=\"Contacto - Honorable Concejo Deliberante de Chivilcoy\" \/>\n<meta property=\"og:description\" content=\"Puede contactarse con el Honorable Concejo Deliberante: Escribiendo a nuestro correo electr\u00f3nico: chivilcoyhcd@gmail.com Llamando a nuestro n\u00famero de tel\u00e9fono: 0800-999-6864 Interno 1150 \/ (02346) 439000 Interno 1150 Present\u00e1ndote en 25 de Mayo N\u00ba 35 (Planta Alta). Ubicaci\u00f3n:\" \/>\n<meta property=\"og:url\" content=\"https:\/\/chivilcoy.gov.ar\/hcd\/contacto\/\" \/>\n<meta property=\"og:site_name\" content=\"Honorable Concejo Deliberante de Chivilcoy\" \/>\n<meta property=\"article:publisher\" content=\"https:\/\/www.facebook.com\/Honorable-Concejo-Deliberante-Chivilcoy-1515926172071424\" \/>\n<meta property=\"article:modified_time\" content=\"2021-02-26T17:49:05+00:00\" \/>\n<meta property=\"og:image\" content=\"https:\/\/chivilcoy.gov.ar\/hcd\/wp-content\/uploads\/2021\/02\/logo-hcd-og.jpg\" \/>\n\t<meta property=\"og:image:width\" content=\"1200\" \/>\n\t<meta property=\"og:image:height\" content=\"630\" \/>\n\t<meta property=\"og:image:type\" content=\"image\/jpeg\" \/>\n<meta name=\"twitter:card\" content=\"summary_large_image\" \/>\n<meta name=\"twitter:site\" content=\"@HCDChivilcoy\" \/>\n<script type=\"application\/ld+json\" class=\"yoast-schema-graph\">{\"@context\":\"https:\/\/schema.org\",\"@graph\":[{\"@type\":\"WebPage\",\"@id\":\"https:\/\/chivilcoy.gov.ar\/hcd\/contacto\/\",\"url\":\"https:\/\/chivilcoy.gov.ar\/hcd\/contacto\/\",\"name\":\"Contacto - Honorable Concejo Deliberante de Chivilcoy\",\"isPartOf\":{\"@id\":\"https:\/\/chivilcoy.gov.ar\/hcd\/#website\"},\"datePublished\":\"2019-02-16T03:12:54+00:00\",\"dateModified\":\"2021-02-26T17:49:05+00:00\",\"breadcrumb\":{\"@id\":\"https:\/\/chivilcoy.gov.ar\/hcd\/contacto\/#breadcrumb\"},\"inLanguage\":\"es\",\"potentialAction\":[{\"@type\":\"ReadAction\",\"target\":[\"https:\/\/chivilcoy.gov.ar\/hcd\/contacto\/\"]}]},{\"@type\":\"BreadcrumbList\",\"@id\":\"https:\/\/chivilcoy.gov.ar\/hcd\/contacto\/#breadcrumb\",\"itemListElement\":[{\"@type\":\"ListItem\",\"position\":1,\"name\":\"Portada\",\"item\":\"https:\/\/chivilcoy.gov.ar\/hcd\/\"},{\"@type\":\"ListItem\",\"position\":2,\"name\":\"Contacto\"}]},{\"@type\":\"WebSite\",\"@id\":\"https:\/\/chivilcoy.gov.ar\/hcd\/#website\",\"url\":\"https:\/\/chivilcoy.gov.ar\/hcd\/\",\"name\":\"Honorable Concejo Deliberante de Chivilcoy\",\"description\":\"\",\"publisher\":{\"@id\":\"https:\/\/chivilcoy.gov.ar\/hcd\/#organization\"},\"potentialAction\":[{\"@type\":\"SearchAction\",\"target\":{\"@type\":\"EntryPoint\",\"urlTemplate\":\"https:\/\/chivilcoy.gov.ar\/hcd\/?s={search_term_string}\"},\"query-input\":\"required name=search_term_string\"}],\"inLanguage\":\"es\"},{\"@type\":\"Organization\",\"@id\":\"https:\/\/chivilcoy.gov.ar\/hcd\/#organization\",\"name\":\"Honorable Concejo Deliberante de Chivilcoy\",\"url\":\"https:\/\/chivilcoy.gov.ar\/hcd\/\",\"logo\":{\"@type\":\"ImageObject\",\"inLanguage\":\"es\",\"@id\":\"https:\/\/chivilcoy.gov.ar\/hcd\/#\/schema\/logo\/image\/\",\"url\":\"https:\/\/chivilcoy.gov.ar\/hcd\/wp-content\/uploads\/2021\/02\/logo-hcd.jpg\",\"contentUrl\":\"https:\/\/chivilcoy.gov.ar\/hcd\/wp-content\/uploads\/2021\/02\/logo-hcd.jpg\",\"width\":800,\"height\":800,\"caption\":\"Honorable Concejo Deliberante de Chivilcoy\"},\"image\":{\"@id\":\"https:\/\/chivilcoy.gov.ar\/hcd\/#\/schema\/logo\/image\/\"},\"sameAs\":[\"https:\/\/www.facebook.com\/Honorable-Concejo-Deliberante-Chivilcoy-1515926172071424\",\"https:\/\/twitter.com\/HCDChivilcoy\",\"https:\/\/www.instagram.com\/concejochivilcoy\/\"]}]}<\/script>\n<!-- \/ Yoast SEO plugin. -->","yoast_head_json":{"title":"Contacto - Honorable Concejo Deliberante de Chivilcoy","robots":{"index":"index","follow":"follow","max-snippet":"max-snippet:-1","max-image-preview":"max-image-preview:large","max-video-preview":"max-video-preview:-1"},"canonical":"https:\/\/chivilcoy.gov.ar\/hcd\/contacto\/","og_locale":"es_ES","og_type":"article","og_title":"Contacto - Honorable Concejo Deliberante de Chivilcoy","og_description":"Puede contactarse con el Honorable Concejo Deliberante: Escribiendo a nuestro correo electr\u00f3nico: chivilcoyhcd@gmail.com Llamando a nuestro n\u00famero de tel\u00e9fono: 0800-999-6864 Interno 1150 \/ (02346) 439000 Interno 1150 Present\u00e1ndote en 25 de Mayo N\u00ba 35 (Planta Alta). Ubicaci\u00f3n:","og_url":"https:\/\/chivilcoy.gov.ar\/hcd\/contacto\/","og_site_name":"Honorable Concejo Deliberante de Chivilcoy","article_publisher":"https:\/\/www.facebook.com\/Honorable-Concejo-Deliberante-Chivilcoy-1515926172071424","article_modified_time":"2021-02-26T17:49:05+00:00","og_image":[{"width":1200,"height":630,"url":"https:\/\/chivilcoy.gov.ar\/hcd\/wp-content\/uploads\/2021\/02\/logo-hcd-og.jpg","type":"image\/jpeg"}],"twitter_card":"summary_large_image","twitter_site":"@HCDChivilcoy","schema":{"@context":"https:\/\/schema.org","@graph":[{"@type":"WebPage","@id":"https:\/\/chivilcoy.gov.ar\/hcd\/contacto\/","url":"https:\/\/chivilcoy.gov.ar\/hcd\/contacto\/","name":"Contacto - Honorable Concejo Deliberante de Chivilcoy","isPartOf":{"@id":"https:\/\/chivilcoy.gov.ar\/hcd\/#website"},"datePublished":"2019-02-16T03:12:54+00:00","dateModified":"2021-02-26T17:49:05+00:00","breadcrumb":{"@id":"https:\/\/chivilcoy.gov.ar\/hcd\/contacto\/#breadcrumb"},"inLanguage":"es","potentialAction":[{"@type":"ReadAction","target":["https:\/\/chivilcoy.gov.ar\/hcd\/contacto\/"]}]},{"@type":"BreadcrumbList","@id":"https:\/\/chivilcoy.gov.ar\/hcd\/contacto\/#breadcrumb","itemListElement":[{"@type":"ListItem","position":1,"name":"Portada","item":"https:\/\/chivilcoy.gov.ar\/hcd\/"},{"@type":"ListItem","position":2,"name":"Contacto"}]},{"@type":"WebSite","@id":"https:\/\/chivilcoy.gov.ar\/hcd\/#website","url":"https:\/\/chivilcoy.gov.ar\/hcd\/","name":"Honorable Concejo Deliberante de Chivilcoy","description":"","publisher":{"@id":"https:\/\/chivilcoy.gov.ar\/hcd\/#organization"},"potentialAction":[{"@type":"SearchAction","target":{"@type":"EntryPoint","urlTemplate":"https:\/\/chivilcoy.gov.ar\/hcd\/?s={search_term_string}"},"query-input":"required name=search_term_string"}],"inLanguage":"es"},{"@type":"Organization","@id":"https:\/\/chivilcoy.gov.ar\/hcd\/#organization","name":"Honorable Concejo Deliberante de Chivilcoy","url":"https:\/\/chivilcoy.gov.ar\/hcd\/","logo":{"@type":"ImageObject","inLanguage":"es","@id":"https:\/\/chivilcoy.gov.ar\/hcd\/#\/schema\/logo\/image\/","url":"https:\/\/chivilcoy.gov.ar\/hcd\/wp-content\/uploads\/2021\/02\/logo-hcd.jpg","contentUrl":"https:\/\/chivilcoy.gov.ar\/hcd\/wp-content\/uploads\/2021\/02\/logo-hcd.jpg","width":800,"height":800,"caption":"Honorable Concejo Deliberante de Chivilcoy"},"image":{"@id":"https:\/\/chivilcoy.gov.ar\/hcd\/#\/schema\/logo\/image\/"},"sameAs":["https:\/\/www.facebook.com\/Honorable-Concejo-Deliberante-Chivilcoy-1515926172071424","https:\/\/twitter.com\/HCDChivilcoy","https:\/\/www.instagram.com\/concejochivilcoy\/"]}]}},"_links":{"self":[{"href":"https:\/\/chivilcoy.gov.ar\/hcd\/wp-json\/wp\/v2\/pages\/152"}],"collection":[{"href":"https:\/\/chivilcoy.gov.ar\/hcd\/wp-json\/wp\/v2\/pages"}],"about":[{"href":"https:\/\/chivilcoy.gov.ar\/hcd\/wp-json\/wp\/v2\/types\/page"}],"author":[{"embeddable":true,"href":"https:\/\/chivilcoy.gov.ar\/hcd\/wp-json\/wp\/v2\/users\/1"}],"replies":[{"embeddable":true,"href":"https:\/\/chivilcoy.gov.ar\/hcd\/wp-json\/wp\/v2\/comments?post=152"}],"version-history":[{"count":15,"href":"https:\/\/chivilcoy.gov.ar\/hcd\/wp-json\/wp\/v2\/pages\/152\/revisions"}],"predecessor-version":[{"id":437,"href":"https:\/\/chivilcoy.gov.ar\/hcd\/wp-json\/wp\/v2\/pages\/152\/revisions\/437"}],"wp:attachment":[{"href":"https:\/\/chivilcoy.gov.ar\/hcd\/wp-json\/wp\/v2\/media?parent=152"}],"curies":[{"name":"wp","href":"https:\/\/api.w.org\/{rel}","templated":true}]}}